{"id":30,"date":"2023-06-09T21:27:43","date_gmt":"2023-06-09T21:27:43","guid":{"rendered":"https:\/\/borcherding-immobilien.de\/?page_id=30"},"modified":"2023-06-23T09:35:20","modified_gmt":"2023-06-23T09:35:20","slug":"wohn","status":"publish","type":"page","link":"https:\/\/borcherding-immobilien.de\/?page_id=30","title":{"rendered":"Wohn"},"content":{"rendered":"\n  \n    \n    <section class=\"u-clearfix u-image u-section-2\" id=\"carousel_d2a6\" data-image-width=\"1920\" data-image-height=\"1200\" style=\"background-image: url(&quot;https:\/\/borcherding-immobilien.de\/wp-content\/uploads\/2023\/06\/hgh.png&quot;);\">\n      <div class=\"u-clearfix u-sheet u-sheet-1\">\n        <p class=\"u-align-center u-text u-text-1\" data-animation-name=\"customAnimationIn\" data-animation-duration=\"1500\" data-animation-delay=\"250\">\n          <span style=\"font-weight: 700; font-size: 1.875rem;\"> Als zuverl\u00e4ssiger Partner&nbsp;<\/span>\n          <br>\n          <span style=\"font-size: 1.25rem;\">sind wir bei der Erf\u00fcllung Ihrer Immobilienw\u00fcnsche jederzeit gern behilflich, sowohl im Bestands- als auch im Neubaubereich .<br>\n            <br>Freistehende Einfamilienh\u00e4user Eigentumswohnungen Reihenh\u00e4user Doppelhaush\u00e4lften Stadtvillen Luxusimmobilien, Designerwohnungen in Hamburg und M\u00fcnchen. Teilen Sie uns Ihre W\u00fcnsche und Vorstellungen mit !&nbsp;<br>Wir werden gemeinsam f\u00fcr Ihre individuellen Bed\u00fcrfnisse passende L\u00f6sungen entwickeln.&nbsp;&nbsp;<br>\n            <br>Unser Verk\u00e4uferservice:- Besorgung und Auswertung der Objektunterlagen \/Bauzeichungen, Flurkarten, Grundbuch, Teilungserkl\u00e4rung, Wirtschaftspl\u00e4ne, Versammlungsprotokolle)- Erstellung eines ausf\u00fchrlichen verkaufsf\u00f6rdernden&nbsp; Expose\u00b4s.<br>&nbsp;Verkaufsf\u00f6rdernde Aufbereitung von Objektunterlagen, z.B Grundrisse in Farbe, eingerichtet,&nbsp; 3D Optik ma\u00dfstabsgetreu mit spezieller Software- Einsatz modernster Technik in der Objektpr\u00e4sentation- Erarbeitung objektspezifischer Vermarktungswege&nbsp;<br>\n            <br>Durch unsere Mitgliedschaft im<a href=\"http:\/\/www.ivd.net\/\" class=\"u-active-none u-border-none u-btn u-button-style u-hover-none u-none u-text-palette-1-base u-btn-1\">&nbsp;IVD<\/a>&nbsp;sind wir in der Lage mit Kollegen gemeinschaftsgesch\u00e4ftlich zusammenzuarbeiten, um eine schnellstm\u00f6gliche Vermarktung zu erzielen. \n          <\/span>\n          <br>\n        <\/p>\n        <img class=\"u-image u-image-default u-preserve-proportions u-image-1\" src=\"https:\/\/borcherding-immobilien.de\/wp-content\/uploads\/2023\/06\/0b8153c9-7e56-46c3-bc1e-311102f0c425.jpg\" alt=\"\" data-image-width=\"1419\" data-image-height=\"1773\" data-animation-name=\"customAnimationIn\" data-animation-duration=\"1500\">\n      <\/div>\n    <\/section>\n    \n    \n  \n","protected":false},"excerpt":{"rendered":"<p>Als zuverl\u00e4ssiger Partner&nbsp; sind wir bei der Erf\u00fcllung Ihrer Immobilienw\u00fcnsche jederzeit gern behilflich, sowohl im Bestands- als auch im Neubaubereich . Freistehende Einfamilienh\u00e4user Eigentumswohnungen Reihenh\u00e4user Doppelhaush\u00e4lften Stadtvillen Luxusimmobilien, Designerwohnungen in Hamburg und M\u00fcnchen. Teilen Sie uns Ihre W\u00fcnsche und Vorstellungen mit !&nbsp;Wir werden gemeinsam f\u00fcr Ihre individuellen Bed\u00fcrfnisse passende L\u00f6sungen entwickeln.&nbsp;&nbsp; Unser Verk\u00e4uferservice:- Besorgung und &hellip; <a href=\"https:\/\/borcherding-immobilien.de\/?page_id=30\" class=\"more-link\">Continue reading<span class=\"screen-reader-text\"> &#8222;Wohn&#8220;<\/span><\/a><\/p>\n","protected":false},"author":1,"featured_media":0,"parent":0,"menu_order":2,"comment_status":"closed","ping_status":"closed","template":"","meta":{"footnotes":""},"_links":{"self":[{"href":"https:\/\/borcherding-immobilien.de\/index.php?rest_route=\/wp\/v2\/pages\/30"}],"collection":[{"href":"https:\/\/borcherding-immobilien.de\/index.php?rest_route=\/wp\/v2\/pages"}],"about":[{"href":"https:\/\/borcherding-immobilien.de\/index.php?rest_route=\/wp\/v2\/types\/page"}],"author":[{"embeddable":true,"href":"https:\/\/borcherding-immobilien.de\/index.php?rest_route=\/wp\/v2\/users\/1"}],"replies":[{"embeddable":true,"href":"https:\/\/borcherding-immobilien.de\/index.php?rest_route=%2Fwp%2Fv2%2Fcomments&post=30"}],"version-history":[{"count":3,"href":"https:\/\/borcherding-immobilien.de\/index.php?rest_route=\/wp\/v2\/pages\/30\/revisions"}],"predecessor-version":[{"id":75,"href":"https:\/\/borcherding-immobilien.de\/index.php?rest_route=\/wp\/v2\/pages\/30\/revisions\/75"}],"wp:attachment":[{"href":"https:\/\/borcherding-immobilien.de\/index.php?rest_route=%2Fwp%2Fv2%2Fmedia&parent=30"}],"curies":[{"name":"wp","href":"https:\/\/api.w.org\/{rel}","templated":true}]}}